{"id":14,"date":"2022-02-04T16:23:40","date_gmt":"2022-02-04T16:23:40","guid":{"rendered":"https:\/\/wp.eluserver.eu\/?page_id=14"},"modified":"2022-02-10T17:59:57","modified_gmt":"2022-02-10T17:59:57","slug":"contact","status":"publish","type":"page","link":"https:\/\/wp.eluserver.eu\/index.php\/contact\/","title":{"rendered":"Contactez-nous"},"content":{"rendered":"<p>LUXBOATS S.\u00e0.r.l.<\/p>\n<p>8, Rue des L\u00e9gionnaires<br \/>L-3780 T\u00e9tange<\/p>\n","protected":false},"excerpt":{"rendered":"<p>LUXBOATS S.\u00e0.r.l. 8, Rue des L\u00e9gionnairesL-3780 T\u00e9tange<\/p>\n","protected":false},"author":2,"featured_media":0,"parent":0,"menu_order":0,"comment_status":"closed","ping_status":"closed","template":"","meta":{"footnotes":""},"class_list":["post-14","page","type-page","status-publish","hentry"],"_links":{"self":[{"href":"https:\/\/wp.eluserver.eu\/index.php\/wp-json\/wp\/v2\/pages\/14","targetHints":{"allow":["GET"]}}],"collection":[{"href":"https:\/\/wp.eluserver.eu\/index.php\/wp-json\/wp\/v2\/pages"}],"about":[{"href":"https:\/\/wp.eluserver.eu\/index.php\/wp-json\/wp\/v2\/types\/page"}],"author":[{"embeddable":true,"href":"https:\/\/wp.eluserver.eu\/index.php\/wp-json\/wp\/v2\/users\/2"}],"replies":[{"embeddable":true,"href":"https:\/\/wp.eluserver.eu\/index.php\/wp-json\/wp\/v2\/comments?post=14"}],"version-history":[{"count":4,"href":"https:\/\/wp.eluserver.eu\/index.php\/wp-json\/wp\/v2\/pages\/14\/revisions"}],"predecessor-version":[{"id":75,"href":"https:\/\/wp.eluserver.eu\/index.php\/wp-json\/wp\/v2\/pages\/14\/revisions\/75"}],"wp:attachment":[{"href":"https:\/\/wp.eluserver.eu\/index.php\/wp-json\/wp\/v2\/media?parent=14"}],"curies":[{"name":"wp","href":"https:\/\/api.w.org\/{rel}","templated":true}]}}